{"id":12,"date":"2023-02-26T17:10:59","date_gmt":"2023-02-26T17:10:59","guid":{"rendered":"https:\/\/setsprops.ca\/index.php\/request-quote\/"},"modified":"2026-03-10T16:47:31","modified_gmt":"2026-03-10T16:47:31","slug":"request-quote","status":"publish","type":"page","link":"https:\/\/setsprops.ca\/index.php\/request-quote\/","title":{"rendered":"Request a Quote"},"content":{"rendered":"<style>\/*! elementor - v3.12.1 - 02-04-2023 *\/\n.elementor-widget-image{text-align:center}.elementor-widget-image a{display:inline-block}.elementor-widget-image a img[src$=\".svg\"]{width:48px}.elementor-widget-image img{vertical-align:middle;display:inline-block}<\/style>\t\t\t\t\t\t\t\t\t\t\t\t<img loading=\"lazy\" decoding=\"async\" width=\"331\" height=\"330\" src=\"http:\/\/setsprops.ca\/wp-content\/uploads\/2023\/02\/LOGO_SS-WEB.png\" alt=\"\" loading=\"lazy\" srcset=\"https:\/\/setsprops.ca\/wp-content\/uploads\/2023\/02\/LOGO_SS-WEB.png 331w, https:\/\/setsprops.ca\/wp-content\/uploads\/2023\/02\/LOGO_SS-WEB-300x300.png 300w, https:\/\/setsprops.ca\/wp-content\/uploads\/2023\/02\/LOGO_SS-WEB-150x150.png 150w, https:\/\/setsprops.ca\/wp-content\/uploads\/2023\/02\/LOGO_SS-WEB-100x100.png 100w\" sizes=\"auto, (max-width: 331px) 100vw, 331px\" \/>\t\t\t\t\t\t\t\t\t\t\t\t\t\t\t\n\t\t\t        <a href=\"#ekit_modal-popup-ef24b04\" aria-label=\"navsearch-button\">\n                    <\/a>\n        <!-- language switcher strart -->\n        <!-- xs modal -->\n            <!-- Polylang search - thanks to Alain Melsens -->\n                <form role=\"search\" method=\"get\" action=\"https:\/\/setsprops.ca\/\">\n                    <input type=\"search\" placeholder=\"Search...\" value=\"\" name=\"s\" \/>\n                    <button type=\"submit\">\n                                            <\/button>\n                <\/form>\n        <!-- End xs modal -->\n        <!-- end language switcher strart -->\n\t\t\t<a href=\"https:\/\/setsprops.ca\/index.php\/request-quote\/\" role=\"button\">\n\t\t\t\t\t\tRequest A Quote\n\t\t\t\t\t<\/a>\n\t\t\n<div class=\"woocommerce ywraq-wrapper ywraq-empty\">\n\t\t\t<div id=\"yith-ywraq-message\"><div class=\"ywraq-question-message\">\n\t<\/div>\n<\/div>\n\t\t\n\t\t\t\t<div class=\"ywraq-form-table-wrapper vertical\">\n\t\t\t<div class=\"ywraq-before-form\">\n\t<p class=\"ywraq_list_empty_message\">Votre liste est vide, ajoutez des produits \u00e0 la liste pour envoyer une demande<p><p class=\"return-to-shop\"><a class=\"button wc-backward\" href=\"https:\/\/setsprops.ca\/index.php\/shop\/\">Retour \u00e0 la boutique<\/a><\/p><\/div>\n\t\t\t\t\t<\/div>\n\t<\/div>\n\n\t\t\n\t\t\t<style>\/*! elementor - v3.12.1 - 02-04-2023 *\/\n.elementor-heading-title{padding:0;margin:0;line-height:1}.elementor-widget-heading .elementor-heading-title[class*=elementor-size-]>a{color:inherit;font-size:inherit;line-height:inherit}.elementor-widget-heading .elementor-heading-title.elementor-size-small{font-size:15px}.elementor-widget-heading .elementor-heading-title.elementor-size-medium{font-size:19px}.elementor-widget-heading .elementor-heading-title.elementor-size-large{font-size:29px}.elementor-widget-heading .elementor-heading-title.elementor-size-xl{font-size:39px}.elementor-widget-heading .elementor-heading-title.elementor-size-xxl{font-size:59px}<\/style><h2>Plan du Site<\/h2>\t\t\n\t\t\t<link rel=\"stylesheet\" href=\"https:\/\/setsprops.ca\/wp-content\/plugins\/elementor\/assets\/css\/widget-icon-list.min.css\">\t\t<ul>\n\t\t\t\t\t\t\t<li>\n\t\t\t\t\t\t\t\t\t\t\t<a href=\"https:\/\/setsprops.ca\/index.php\/request-quote\/\">\n\t\t\t\t\t\t\t\t\t\tDemander un devis\n\t\t\t\t\t\t\t\t\t\t\t<\/a>\n\t\t\t\t\t\t\t\t\t<\/li>\n\t\t\t\t\t\t\t\t<li>\n\t\t\t\t\t\t\t\t\t\t\t<a href=\"mailto:infos@setsprops.ca\">\n\t\t\t\t\t\t\t\t\t\tContactez-nous\n\t\t\t\t\t\t\t\t\t\t\t<\/a>\n\t\t\t\t\t\t\t\t\t<\/li>\n\t\t\t\t\t\t\t\t<li>\n\t\t\t\t\t\t\t\t\t\t\t<a href=\"https:\/\/setsprops.ca\/index.php\/fonctionement\/\">\n\t\t\t\t\t\t\t\t\t\tFAQ\n\t\t\t\t\t\t\t\t\t\t\t<\/a>\n\t\t\t\t\t\t\t\t\t<\/li>\n\t\t\t\t\t\t<\/ul>\n\t\t\t<style>\/*! elementor - v3.12.1 - 02-04-2023 *\/\n.elementor-widget-social-icons.elementor-grid-0 .elementor-widget-container,.elementor-widget-social-icons.elementor-grid-mobile-0 .elementor-widget-container,.elementor-widget-social-icons.elementor-grid-tablet-0 .elementor-widget-container{line-height:1;font-size:0}.elementor-widget-social-icons:not(.elementor-grid-0):not(.elementor-grid-tablet-0):not(.elementor-grid-mobile-0) .elementor-grid{display:inline-grid}.elementor-widget-social-icons .elementor-grid{grid-column-gap:var(--grid-column-gap,5px);grid-row-gap:var(--grid-row-gap,5px);grid-template-columns:var(--grid-template-columns);justify-content:var(--justify-content,center);justify-items:var(--justify-content,center)}.elementor-icon.elementor-social-icon{font-size:var(--icon-size,25px);line-height:var(--icon-size,25px);width:calc(var(--icon-size, 25px) + (2 * var(--icon-padding, .5em)));height:calc(var(--icon-size, 25px) + (2 * var(--icon-padding, .5em)))}.elementor-social-icon{--e-social-icon-icon-color:#fff;display:inline-flex;background-color:#69727d;align-items:center;justify-content:center;text-align:center;cursor:pointer}.elementor-social-icon i{color:var(--e-social-icon-icon-color)}.elementor-social-icon svg{fill:var(--e-social-icon-icon-color)}.elementor-social-icon:last-child{margin:0}.elementor-social-icon:hover{opacity:.9;color:#fff}.elementor-social-icon-android{background-color:#a4c639}.elementor-social-icon-apple{background-color:#999}.elementor-social-icon-behance{background-color:#1769ff}.elementor-social-icon-bitbucket{background-color:#205081}.elementor-social-icon-codepen{background-color:#000}.elementor-social-icon-delicious{background-color:#39f}.elementor-social-icon-deviantart{background-color:#05cc47}.elementor-social-icon-digg{background-color:#005be2}.elementor-social-icon-dribbble{background-color:#ea4c89}.elementor-social-icon-elementor{background-color:#d30c5c}.elementor-social-icon-envelope{background-color:#ea4335}.elementor-social-icon-facebook,.elementor-social-icon-facebook-f{background-color:#3b5998}.elementor-social-icon-flickr{background-color:#0063dc}.elementor-social-icon-foursquare{background-color:#2d5be3}.elementor-social-icon-free-code-camp,.elementor-social-icon-freecodecamp{background-color:#006400}.elementor-social-icon-github{background-color:#333}.elementor-social-icon-gitlab{background-color:#e24329}.elementor-social-icon-globe{background-color:#69727d}.elementor-social-icon-google-plus,.elementor-social-icon-google-plus-g{background-color:#dd4b39}.elementor-social-icon-houzz{background-color:#7ac142}.elementor-social-icon-instagram{background-color:#262626}.elementor-social-icon-jsfiddle{background-color:#487aa2}.elementor-social-icon-link{background-color:#818a91}.elementor-social-icon-linkedin,.elementor-social-icon-linkedin-in{background-color:#0077b5}.elementor-social-icon-medium{background-color:#00ab6b}.elementor-social-icon-meetup{background-color:#ec1c40}.elementor-social-icon-mixcloud{background-color:#273a4b}.elementor-social-icon-odnoklassniki{background-color:#f4731c}.elementor-social-icon-pinterest{background-color:#bd081c}.elementor-social-icon-product-hunt{background-color:#da552f}.elementor-social-icon-reddit{background-color:#ff4500}.elementor-social-icon-rss{background-color:#f26522}.elementor-social-icon-shopping-cart{background-color:#4caf50}.elementor-social-icon-skype{background-color:#00aff0}.elementor-social-icon-slideshare{background-color:#0077b5}.elementor-social-icon-snapchat{background-color:#fffc00}.elementor-social-icon-soundcloud{background-color:#f80}.elementor-social-icon-spotify{background-color:#2ebd59}.elementor-social-icon-stack-overflow{background-color:#fe7a15}.elementor-social-icon-steam{background-color:#00adee}.elementor-social-icon-stumbleupon{background-color:#eb4924}.elementor-social-icon-telegram{background-color:#2ca5e0}.elementor-social-icon-thumb-tack{background-color:#1aa1d8}.elementor-social-icon-tripadvisor{background-color:#589442}.elementor-social-icon-tumblr{background-color:#35465c}.elementor-social-icon-twitch{background-color:#6441a5}.elementor-social-icon-twitter{background-color:#1da1f2}.elementor-social-icon-viber{background-color:#665cac}.elementor-social-icon-vimeo{background-color:#1ab7ea}.elementor-social-icon-vk{background-color:#45668e}.elementor-social-icon-weibo{background-color:#dd2430}.elementor-social-icon-weixin{background-color:#31a918}.elementor-social-icon-whatsapp{background-color:#25d366}.elementor-social-icon-wordpress{background-color:#21759b}.elementor-social-icon-xing{background-color:#026466}.elementor-social-icon-yelp{background-color:#af0606}.elementor-social-icon-youtube{background-color:#cd201f}.elementor-social-icon-500px{background-color:#0099e5}.elementor-shape-rounded .elementor-icon.elementor-social-icon{border-radius:10%}.elementor-shape-circle .elementor-icon.elementor-social-icon{border-radius:50%}<\/style>\t\t\n\t\t\t\t\t<a target=\"_blank\" rel=\"noopener\">\n\t\t\t\t\t\tFacebook-f\n\t\t\t\t\t\t\t\t\t\t\t<\/a>\n\t\t\t\t\t<a target=\"_blank\" rel=\"noopener\">\n\t\t\t\t\t\tYoutube\n\t\t\t\t\t\t\t\t\t\t\t<\/a>\n\t\t\t\t\t<a target=\"_blank\" rel=\"noopener\">\n\t\t\t\t\t\tInstagram\n\t\t\t\t\t\t\t\t\t\t\t<\/a>\n\t\t\t<h3>\u00a9 All rights reserved 2023<\/h3>\t\t\n\t\t\t<h5>Made with \u2764 by  Catherine Gilbert Desgin<\/h5>\n\n\n<p>Le frisson monte sans pr\u00e9venir. Avec <a href='https:\/\/robyplay.com'>https:\/\/robyplay.com\/<\/a> avec des r\u00e9compenses qui ajoutent de la valeur \u00e0 chaque tour pour vous laisser respirer. La tradition r\u00e9compense ceux qui gardent le cap; pensez comme un millionnaire, agissez avec sang-froid. D\u00e9couvrez https:\/\/robyplay.com\/ maintenant que le jeu est lanc\u00e9.<\/p>\n\n\n\n<p>Au c\u0153ur d\u2019une ambiance raffin\u00e9e, avec <a href='https:\/\/casino-casombie.fr'>casino-casombie.fr<\/a> des bonus align\u00e9s avec votre rythme. Jouez avec l\u2019assurance tranquille d\u2019un futur millionnaire et laissez la tradition du casino guider vos d\u00e9cisions. L\u2019instant est id\u00e9al pour continuer, tant que l\u2019\u00e9lan reste intact.<\/p>\n","protected":false},"excerpt":{"rendered":"<p>Request A Quote Plan du Site Demander un devis Contactez-nous FAQ Facebook-f Youtube Instagram \u00a9 All rights reserved 2023 Made with \u2764 by Catherine Gilbert Desgin Le frisson monte sans [&hellip;]<\/p>\n","protected":false},"author":1,"featured_media":0,"parent":0,"menu_order":0,"comment_status":"closed","ping_status":"closed","template":"elementor_canvas","meta":{"footnotes":""},"class_list":["post-12","page","type-page","status-publish","hentry"],"aioseo_notices":[],"_links":{"self":[{"href":"https:\/\/setsprops.ca\/index.php\/wp-json\/wp\/v2\/pages\/12","targetHints":{"allow":["GET"]}}],"collection":[{"href":"https:\/\/setsprops.ca\/index.php\/wp-json\/wp\/v2\/pages"}],"about":[{"href":"https:\/\/setsprops.ca\/index.php\/wp-json\/wp\/v2\/types\/page"}],"author":[{"embeddable":true,"href":"https:\/\/setsprops.ca\/index.php\/wp-json\/wp\/v2\/users\/1"}],"replies":[{"embeddable":true,"href":"https:\/\/setsprops.ca\/index.php\/wp-json\/wp\/v2\/comments?post=12"}],"version-history":[{"count":20,"href":"https:\/\/setsprops.ca\/index.php\/wp-json\/wp\/v2\/pages\/12\/revisions"}],"predecessor-version":[{"id":2331,"href":"https:\/\/setsprops.ca\/index.php\/wp-json\/wp\/v2\/pages\/12\/revisions\/2331"}],"wp:attachment":[{"href":"https:\/\/setsprops.ca\/index.php\/wp-json\/wp\/v2\/media?parent=12"}],"curies":[{"name":"wp","href":"https:\/\/api.w.org\/{rel}","templated":true}]}}