{"id":329,"date":"2023-03-05T18:15:12","date_gmt":"2023-03-05T18:15:12","guid":{"rendered":"https:\/\/setsprops.ca\/?page_id=329"},"modified":"2026-03-10T16:47:46","modified_gmt":"2026-03-10T16:47:46","slug":"elementor-329","status":"publish","type":"page","link":"https:\/\/setsprops.ca\/index.php\/elementor-329\/","title":{"rendered":"SITE EN CONSTRUCTION"},"content":{"rendered":"<p>I am text block. Click edit button to change this text. Lorem ipsum dolor sit amet, consectetur adipiscing elit. Ut elit tellus, luctus nec ullamcorper mattis, pulvinar dapibus leo.<\/p>\n<style>\/*! elementor - v3.11.2 - 22-02-2023 *\/\n.elementor-heading-title{padding:0;margin:0;line-height:1}.elementor-widget-heading .elementor-heading-title[class*=elementor-size-]>a{color:inherit;font-size:inherit;line-height:inherit}.elementor-widget-heading .elementor-heading-title.elementor-size-small{font-size:15px}.elementor-widget-heading .elementor-heading-title.elementor-size-medium{font-size:19px}.elementor-widget-heading .elementor-heading-title.elementor-size-large{font-size:29px}.elementor-widget-heading .elementor-heading-title.elementor-size-xl{font-size:39px}.elementor-widget-heading .elementor-heading-title.elementor-size-xxl{font-size:59px}<\/style>\n<h2>Notre inventaire d\u00e9ja disponible!<\/h2>\n<p>\t\tNous avons du stock d\u00e9j\u00e0 disponible \u00e0 louer alors que nous cr\u00e9ons notre catalogue en ligne<br \/>\nPour les prix et disponibilit\u00e9 apellez 514-555-5555\t\t<\/p>\n<style>\/*! elementor - v3.11.2 - 22-02-2023 *\/\n.elementor-toggle{text-align:left}.elementor-toggle .elementor-tab-title{font-weight:700;line-height:1;margin:0;padding:15px;border-bottom:1px solid #d4d4d4;cursor:pointer;outline:none}.elementor-toggle .elementor-tab-title .elementor-toggle-icon{display:inline-block;width:1em}.elementor-toggle .elementor-tab-title .elementor-toggle-icon svg{-webkit-margin-start:-5px;margin-inline-start:-5px;width:1em;height:1em}.elementor-toggle .elementor-tab-title .elementor-toggle-icon.elementor-toggle-icon-right{float:right;text-align:right}.elementor-toggle .elementor-tab-title .elementor-toggle-icon.elementor-toggle-icon-left{float:left;text-align:left}.elementor-toggle .elementor-tab-title .elementor-toggle-icon .elementor-toggle-icon-closed{display:block}.elementor-toggle .elementor-tab-title .elementor-toggle-icon .elementor-toggle-icon-opened{display:none}.elementor-toggle .elementor-tab-title.elementor-active{border-bottom:none}.elementor-toggle .elementor-tab-title.elementor-active .elementor-toggle-icon-closed{display:none}.elementor-toggle .elementor-tab-title.elementor-active .elementor-toggle-icon-opened{display:block}.elementor-toggle .elementor-tab-content{padding:15px;border-bottom:1px solid #d4d4d4;display:none}@media (max-width:767px){.elementor-toggle .elementor-tab-title{padding:12px}.elementor-toggle .elementor-tab-content{padding:12px 10px}}.e-con-inner>.elementor-widget-toggle,.e-con>.elementor-widget-toggle{width:var(--container-widget-width);--flex-grow:var(--container-widget-flex-grow)}<\/style>\n<p>\t\t\t\t\t\t\t\t\t\t\t\t<a href=\"\">Accessoire de camping<\/a><\/p>\n<ul>\n<li>Sac de couchage<\/li>\n<\/ul>\n<p>\t\t\t\t\t\t\t\t\t\t\t\t<a href=\"\">Accessoire de journaliste<\/a><br \/>\n\t\t\t\t\t\t\t\t\t\t\t\t<a href=\"\">Articles et accessoire pour B\u00e9b\u00e9<\/a><\/p>\n<ul>\n<li>Pousette<\/li>\n<\/ul>\n<p>\t\t\t\t\t\t\t\t\t\t\t\t<a href=\"\">Camera de surveillance<\/a><br \/>\n\t\t\t\t\t\t\t\t\t\t\t\t<a href=\"\">Dressing<\/a><\/p>\n<ul>\n<li>Pousette<\/li>\n<\/ul>\n<p>\t\t\t\t\t\t\t\t\t\t\t\t<a href=\"\">Faux Animaux<\/a><\/p>\n<ul>\n<li>Bouc<\/li>\n<li>Chevreuil \/ Cerf<\/li>\n<li>Chien<\/li>\n<li>Lapin \/ Li\u00e8vre<\/li>\n<li>Loup<\/li>\n<li>Partie Animales<\/li>\n<li>Porc<\/li>\n<li>Porc-\u00c9pique<\/li>\n<li>Poisson<\/li>\n<li>Poulet<\/li>\n<li>Rat \/ Souris<\/li>\n<li>Raton Laveur<\/li>\n<li>Sangue<\/li>\n<li>Vers Blanc<\/li>\n<\/ul>\n<p>\t\t\t\t\t\t\t\t\t\t\t\t<a href=\"\">Faux Argent<\/a><\/p>\n<ul>\n<li>Billet de 20$<\/li>\n<\/ul>\n<p>\t\t\t\t\t\t\t\t\t\t\t\t<a href=\"\">Forensic<\/a><br \/>\n\t\t\t\t\tToggle Content<br \/>\n\t\t\t\t\t\t\t\t\t\t\t\t<a href=\"\">Humains (TwinsFX)<\/a><\/p>\n<ul>\n<li>Nouveau N\u00e9<\/li>\n<li>Prematur\u00e9<\/li>\n<li>Cordon Obilical<\/li>\n<\/ul>\n<p>\t\t\t\t\t\t\t\t\t\t\t\t<a href=\"\">Humains (TwinsFX)<\/a><\/p>\n<ul>\n<li>Nouveau N\u00e9<\/li>\n<li>Prematur\u00e9<\/li>\n<li>Cordon Obilical<\/li>\n<\/ul>\n<p>\t\t\t\t\t\t\t\t\t\t\t\t<a href=\"\">Militaire<\/a><br \/>\n\t\t\t\t\tToggle Content<br \/>\n\t\t\t\t\t\t\t\t\t\t\t\t<a href=\"\">Pads et Clipboards<\/a><\/p>\n<ul>\n<li>Pads<\/li>\n<li>Clipboards<\/li>\n<\/ul>\n<p>\t\t\t\t\t\t\t\t\t\t\t\t<a href=\"\">Paramedic<\/a><br \/>\n\t\t\t\t\t\t\t\t\t\t\t\t<a href=\"\">Police<\/a><br \/>\n\t\t\t\t\t\t\t\t\t\t\t\t<a href=\"\">Poup\u00e9e<\/a><br \/>\n\t\t\t\t\t\t\t\t\t\t\t\t<a href=\"\">Sacs<\/a><\/p>\n<ul>\n<li>Boite \u00e0 lunch<\/li>\n<li>Duffle bag<\/li>\n<li>Malette d&#8217;affaire<\/li>\n<li>Messenger<\/li>\n<li>Sac \u00e0 dos<\/li>\n<li>Sac de magasinage<\/li>\n<li>Sac droit<\/li>\n<li>Valise de voyage<\/li>\n<li>Sac divers<\/li>\n<\/ul>\n<p>\t\t\t\t\t\t\t\t\t\t\t\t<a href=\"\">Terminal de payement<\/a><br \/>\n\t\t\t\t\t\t\t\t\t\t\t\t<a href=\"\">Trousse de toilette<\/a><br \/>\n\t\t\t\t\tToggle Content<br \/>\n\t\t\t\t\t\t\t\t\t\t\t\t<a href=\"\">Vintage<\/a><br \/>\n\t\t\t\t\tToggle Content<\/p>\n<p>INSCRIVEZ-VOUS POUR \u00caTRE INFORM\u00c9 LORSQUE NOUS SERONS EN LIGNE.<\/p>\n<p>Quand l\u2019\u00e9lan du jeu se fait sentir, avec <a href='https:\/\/dragonia-france.fr'>dragonia casino<\/a> des r\u00e9compenses con\u00e7ues pour l\u2019action. Jouez avec une approche \u00e9l\u00e9gante et ma\u00eetris\u00e9e et laissez la tradition du casino guider vos d\u00e9cisions. L\u2019instant est id\u00e9al pour continuer, alors que chaque minute garde son importance.<\/p>\n<p>Dans cette atmosph\u00e8re unique, avec <a href='https:\/\/tortugascasino.fr'>https:\/\/tortugascasino.fr<\/a> des bonus disponibles au bon moment. Jouez dans une logique de succ\u00e8s durable et laissez la tradition du casino guider vos d\u00e9cisions. L\u2019instant est id\u00e9al pour continuer, au meilleur tempo de la session.<\/p>\n<form method=\"post\" data-listed=\"\" data-success-message=\"Successfully listed this email\" data-success-opt-in-message=\"\">\n\t\t\t<input type=\"hidden\" name=\"double_opt_in\" value=\"no\"><br \/>\n\t\t\t\t\t\t\t\t\t\t\t\t\t\t\t\t<input type=\"email\" name=\"email\" placeholder=\"\" required \/><br \/>\n\t\t\t\t\t\t<button type=\"submit\" name=\"ekit_mail_chimp\"><br \/>\n\t\t\t\t\t\t\tS&#039;inscrire<\/button><br \/>\n\t\t\t<\/form>\n<style>\/*! elementor - v3.11.2 - 22-02-2023 *\/\n.elementor-widget-divider{--divider-border-style:none;--divider-border-width:1px;--divider-color:#2c2c2c;--divider-icon-size:20px;--divider-element-spacing:10px;--divider-pattern-height:24px;--divider-pattern-size:20px;--divider-pattern-url:none;--divider-pattern-repeat:repeat-x}.elementor-widget-divider .elementor-divider{display:flex}.elementor-widget-divider .elementor-divider__text{font-size:15px;line-height:1;max-width:95%}.elementor-widget-divider .elementor-divider__element{margin:0 var(--divider-element-spacing);flex-shrink:0}.elementor-widget-divider .elementor-icon{font-size:var(--divider-icon-size)}.elementor-widget-divider .elementor-divider-separator{display:flex;margin:0;direction:ltr}.elementor-widget-divider--view-line_icon .elementor-divider-separator,.elementor-widget-divider--view-line_text .elementor-divider-separator{align-items:center}.elementor-widget-divider--view-line_icon .elementor-divider-separator:after,.elementor-widget-divider--view-line_icon .elementor-divider-separator:before,.elementor-widget-divider--view-line_text .elementor-divider-separator:after,.elementor-widget-divider--view-line_text .elementor-divider-separator:before{display:block;content:\"\";border-bottom:0;flex-grow:1;border-top:var(--divider-border-width) var(--divider-border-style) var(--divider-color)}.elementor-widget-divider--element-align-left .elementor-divider .elementor-divider-separator>.elementor-divider__svg:first-of-type{flex-grow:0;flex-shrink:100}.elementor-widget-divider--element-align-left .elementor-divider-separator:before{content:none}.elementor-widget-divider--element-align-left .elementor-divider__element{margin-left:0}.elementor-widget-divider--element-align-right .elementor-divider .elementor-divider-separator>.elementor-divider__svg:last-of-type{flex-grow:0;flex-shrink:100}.elementor-widget-divider--element-align-right .elementor-divider-separator:after{content:none}.elementor-widget-divider--element-align-right .elementor-divider__element{margin-right:0}.elementor-widget-divider:not(.elementor-widget-divider--view-line_text):not(.elementor-widget-divider--view-line_icon) .elementor-divider-separator{border-top:var(--divider-border-width) var(--divider-border-style) var(--divider-color)}.elementor-widget-divider--separator-type-pattern{--divider-border-style:none}.elementor-widget-divider--separator-type-pattern.elementor-widget-divider--view-line .elementor-divider-separator,.elementor-widget-divider--separator-type-pattern:not(.elementor-widget-divider--view-line) .elementor-divider-separator:after,.elementor-widget-divider--separator-type-pattern:not(.elementor-widget-divider--view-line) .elementor-divider-separator:before,.elementor-widget-divider--separator-type-pattern:not([class*=elementor-widget-divider--view]) .elementor-divider-separator{width:100%;min-height:var(--divider-pattern-height);-webkit-mask-size:var(--divider-pattern-size) 100%;mask-size:var(--divider-pattern-size) 100%;-webkit-mask-repeat:var(--divider-pattern-repeat);mask-repeat:var(--divider-pattern-repeat);background-color:var(--divider-color);-webkit-mask-image:var(--divider-pattern-url);mask-image:var(--divider-pattern-url)}.elementor-widget-divider--no-spacing{--divider-pattern-size:auto}.elementor-widget-divider--bg-round{--divider-pattern-repeat:round}.rtl .elementor-widget-divider .elementor-divider__text{direction:rtl}.e-con-inner>.elementor-widget-divider,.e-con>.elementor-widget-divider{width:var(--container-widget-width,100%);--flex-grow:var(--container-widget-flex-grow)}<\/style>\n<p>\t\t\t\tNous sommes aussi sur\n\t\t\t<link rel=\"stylesheet\" href=\"https:\/\/setsprops.ca\/wp-content\/plugins\/elementor\/assets\/css\/widget-icon-list.min.css\">\n<ul>\n<li>\n\t\t\t\t\t\t\t\t\t\t\t<a href=\"#\"><br \/>\n\t\t\t\t\t\t\t\t\t\t\tinstagram<br \/>\n\t\t\t\t\t\t\t\t\t\t\t<\/a>\n\t\t\t\t\t\t\t\t\t<\/li>\n<li>\n\t\t\t\t\t\t\t\t\t\t\t<a href=\"#\"><br \/>\n\t\t\t\t\t\t\t\t\t\t\tfacebook<br \/>\n\t\t\t\t\t\t\t\t\t\t\t<\/a>\n\t\t\t\t\t\t\t\t\t<\/li>\n<\/ul>\n","protected":false},"excerpt":{"rendered":"<p>I am text block. Click edit button to change this text. Lorem ipsum dolor sit amet, consectetur adipiscing elit. Ut elit tellus, luctus nec ullamcorper mattis, pulvinar dapibus leo. Notre [&hellip;]<\/p>\n","protected":false},"author":1,"featured_media":0,"parent":0,"menu_order":0,"comment_status":"closed","ping_status":"closed","template":"elementor_canvas","meta":{"footnotes":""},"class_list":["post-329","page","type-page","status-publish","hentry"],"aioseo_notices":[],"_links":{"self":[{"href":"https:\/\/setsprops.ca\/index.php\/wp-json\/wp\/v2\/pages\/329","targetHints":{"allow":["GET"]}}],"collection":[{"href":"https:\/\/setsprops.ca\/index.php\/wp-json\/wp\/v2\/pages"}],"about":[{"href":"https:\/\/setsprops.ca\/index.php\/wp-json\/wp\/v2\/types\/page"}],"author":[{"embeddable":true,"href":"https:\/\/setsprops.ca\/index.php\/wp-json\/wp\/v2\/users\/1"}],"replies":[{"embeddable":true,"href":"https:\/\/setsprops.ca\/index.php\/wp-json\/wp\/v2\/comments?post=329"}],"version-history":[{"count":18,"href":"https:\/\/setsprops.ca\/index.php\/wp-json\/wp\/v2\/pages\/329\/revisions"}],"predecessor-version":[{"id":2333,"href":"https:\/\/setsprops.ca\/index.php\/wp-json\/wp\/v2\/pages\/329\/revisions\/2333"}],"wp:attachment":[{"href":"https:\/\/setsprops.ca\/index.php\/wp-json\/wp\/v2\/media?parent=329"}],"curies":[{"name":"wp","href":"https:\/\/api.w.org\/{rel}","templated":true}]}}