{"id":1441,"date":"2023-04-12T15:38:13","date_gmt":"2023-04-12T15:38:13","guid":{"rendered":"https:\/\/setsprops.ca\/?post_type=product&#038;p=1441"},"modified":"2023-04-12T16:36:16","modified_gmt":"2023-04-12T16:36:16","slug":"licence-plaque-auto","status":"publish","type":"product","link":"https:\/\/setsprops.ca\/index.php\/product\/licence-plaque-auto\/","title":{"rendered":"Licence plaque auto"},"content":{"rendered":"<p>Divers \u00e9tats am\u00e9ricains et \u00e9poques du Qu\u00e9bec. Plaques ontariennes.<\/p>\n","protected":false},"excerpt":{"rendered":"<p>Divers \u00e9tats am\u00e9ricains et \u00e9poques du Qu\u00e9bec. Plaques ontariennes.<\/p>\n","protected":false},"featured_media":1442,"template":"","meta":[],"product_brand":[],"product_cat":[437],"product_tag":[438,442,441,440,439,445,444,443],"class_list":{"0":"post-1441","1":"product","2":"type-product","3":"status-publish","4":"has-post-thumbnail","6":"product_cat-plaques-automobiles","7":"product_tag-automobile","8":"product_tag-car-license-plate","9":"product_tag-car-place","10":"product_tag-licence","11":"product_tag-plaque","12":"product_tag-plaque-ontario","13":"product_tag-quebec-plaque","14":"product_tag-usa-license","16":"first","17":"instock","18":"taxable","19":"shipping-taxable","20":"product-type-simple"},"aioseo_notices":[],"_links":{"self":[{"href":"https:\/\/setsprops.ca\/index.php\/wp-json\/wp\/v2\/product\/1441","targetHints":{"allow":["GET"]}}],"collection":[{"href":"https:\/\/setsprops.ca\/index.php\/wp-json\/wp\/v2\/product"}],"about":[{"href":"https:\/\/setsprops.ca\/index.php\/wp-json\/wp\/v2\/types\/product"}],"wp:featuredmedia":[{"embeddable":true,"href":"https:\/\/setsprops.ca\/index.php\/wp-json\/wp\/v2\/media\/1442"}],"wp:attachment":[{"href":"https:\/\/setsprops.ca\/index.php\/wp-json\/wp\/v2\/media?parent=1441"}],"wp:term":[{"taxonomy":"product_brand","embeddable":true,"href":"https:\/\/setsprops.ca\/index.php\/wp-json\/wp\/v2\/product_brand?post=1441"},{"taxonomy":"product_cat","embeddable":true,"href":"https:\/\/setsprops.ca\/index.php\/wp-json\/wp\/v2\/product_cat?post=1441"},{"taxonomy":"product_tag","embeddable":true,"href":"https:\/\/setsprops.ca\/index.php\/wp-json\/wp\/v2\/product_tag?post=1441"}],"curies":[{"name":"wp","href":"https:\/\/api.w.org\/{rel}","templated":true}]}}