{"id":1443,"date":"2023-04-12T16:41:40","date_gmt":"2023-04-12T16:41:40","guid":{"rendered":"https:\/\/setsprops.ca\/?post_type=product&#038;p=1443"},"modified":"2023-04-12T16:42:16","modified_gmt":"2023-04-12T16:42:16","slug":"divers-contenants-a-lunite","status":"publish","type":"product","link":"https:\/\/setsprops.ca\/index.php\/product\/divers-contenants-a-lunite\/","title":{"rendered":"Divers contenants \u00e0 l&rsquo;unit\u00e9"},"content":{"rendered":"<p>Contenant vendu \u00e0 l&rsquo;unit\u00e9 pour besoin cin\u00e9ma. Graphisme libre de droit \u00e0 venir. Photos individuelles \u00e0 venir ou sur demande.<\/p>\n","protected":false},"excerpt":{"rendered":"<p>Contenant vendu \u00e0 l&rsquo;unit\u00e9 pour besoin cin\u00e9ma. Graphisme libre de droit \u00e0 venir. Photos individuelles \u00e0 venir ou sur demande.<\/p>\n","protected":false},"featured_media":1444,"template":"","meta":[],"product_brand":[],"product_cat":[359],"product_tag":[447,446,451,450,137,452,449,448],"class_list":{"0":"post-1443","1":"product","2":"type-product","3":"status-publish","4":"has-post-thumbnail","6":"product_cat-contenant-take-out-ensemble","7":"product_tag-a-lunite","8":"product_tag-contenant","9":"product_tag-fast-food","10":"product_tag-graphisme","11":"product_tag-nourriture","12":"product_tag-pour-emporter","13":"product_tag-sur-mesure","14":"product_tag-take-out","16":"first","17":"instock","18":"taxable","19":"shipping-taxable","20":"product-type-simple"},"aioseo_notices":[],"_links":{"self":[{"href":"https:\/\/setsprops.ca\/index.php\/wp-json\/wp\/v2\/product\/1443","targetHints":{"allow":["GET"]}}],"collection":[{"href":"https:\/\/setsprops.ca\/index.php\/wp-json\/wp\/v2\/product"}],"about":[{"href":"https:\/\/setsprops.ca\/index.php\/wp-json\/wp\/v2\/types\/product"}],"wp:featuredmedia":[{"embeddable":true,"href":"https:\/\/setsprops.ca\/index.php\/wp-json\/wp\/v2\/media\/1444"}],"wp:attachment":[{"href":"https:\/\/setsprops.ca\/index.php\/wp-json\/wp\/v2\/media?parent=1443"}],"wp:term":[{"taxonomy":"product_brand","embeddable":true,"href":"https:\/\/setsprops.ca\/index.php\/wp-json\/wp\/v2\/product_brand?post=1443"},{"taxonomy":"product_cat","embeddable":true,"href":"https:\/\/setsprops.ca\/index.php\/wp-json\/wp\/v2\/product_cat?post=1443"},{"taxonomy":"product_tag","embeddable":true,"href":"https:\/\/setsprops.ca\/index.php\/wp-json\/wp\/v2\/product_tag?post=1443"}],"curies":[{"name":"wp","href":"https:\/\/api.w.org\/{rel}","templated":true}]}}