{"id":1455,"date":"2023-04-17T18:22:59","date_gmt":"2023-04-17T18:22:59","guid":{"rendered":"https:\/\/setsprops.ca\/?post_type=product&#038;p=1455"},"modified":"2023-05-02T18:25:20","modified_gmt":"2023-05-02T18:25:20","slug":"poussette-bugaboo-cameleon-grise-cuir","status":"publish","type":"product","link":"https:\/\/setsprops.ca\/index.php\/product\/poussette-bugaboo-cameleon-grise-cuir\/","title":{"rendered":"Poussette Bugaboo Cam\u00e9l\u00e9on grise &#038; cuir"},"content":{"rendered":"<p>Description \u00e0 venir<\/p>\n","protected":false},"excerpt":{"rendered":"<p>Description \u00e0 venir<\/p>\n","protected":false},"featured_media":1457,"template":"","meta":[],"product_brand":[],"product_cat":[404],"product_tag":[459,456,457,458,455,460],"class_list":{"0":"post-1455","1":"product","2":"type-product","3":"status-publish","4":"has-post-thumbnail","6":"product_cat-accessoires-pour-enfants","7":"product_tag-babystroller","8":"product_tag-bugaboo","9":"product_tag-central-park","10":"product_tag-lifestyle","11":"product_tag-location","12":"product_tag-pousette","14":"first","15":"instock","16":"sale","17":"taxable","18":"shipping-taxable","19":"purchasable","20":"product-type-simple"},"aioseo_notices":[],"_links":{"self":[{"href":"https:\/\/setsprops.ca\/index.php\/wp-json\/wp\/v2\/product\/1455","targetHints":{"allow":["GET"]}}],"collection":[{"href":"https:\/\/setsprops.ca\/index.php\/wp-json\/wp\/v2\/product"}],"about":[{"href":"https:\/\/setsprops.ca\/index.php\/wp-json\/wp\/v2\/types\/product"}],"wp:featuredmedia":[{"embeddable":true,"href":"https:\/\/setsprops.ca\/index.php\/wp-json\/wp\/v2\/media\/1457"}],"wp:attachment":[{"href":"https:\/\/setsprops.ca\/index.php\/wp-json\/wp\/v2\/media?parent=1455"}],"wp:term":[{"taxonomy":"product_brand","embeddable":true,"href":"https:\/\/setsprops.ca\/index.php\/wp-json\/wp\/v2\/product_brand?post=1455"},{"taxonomy":"product_cat","embeddable":true,"href":"https:\/\/setsprops.ca\/index.php\/wp-json\/wp\/v2\/product_cat?post=1455"},{"taxonomy":"product_tag","embeddable":true,"href":"https:\/\/setsprops.ca\/index.php\/wp-json\/wp\/v2\/product_tag?post=1455"}],"curies":[{"name":"wp","href":"https:\/\/api.w.org\/{rel}","templated":true}]}}