{"id":1461,"date":"2023-04-17T18:34:17","date_gmt":"2023-04-17T18:34:17","guid":{"rendered":"https:\/\/setsprops.ca\/?post_type=product&#038;p=1461"},"modified":"2023-05-02T18:24:48","modified_gmt":"2023-05-02T18:24:48","slug":"pousette-bugaboo-cameleon-rouge","status":"publish","type":"product","link":"https:\/\/setsprops.ca\/index.php\/product\/pousette-bugaboo-cameleon-rouge\/","title":{"rendered":"Poussette Bugaboo Cam\u00e9l\u00e9on rouge"},"content":{"rendered":"<p>Description \u00e0 venir<\/p>\n","protected":false},"excerpt":{"rendered":"<p>Description \u00e0 venir<\/p>\n","protected":false},"featured_media":1463,"template":"","meta":[],"product_brand":[],"product_cat":[404],"product_tag":[462,55,459,457,463,458,460],"class_list":{"0":"post-1461","1":"product","2":"type-product","3":"status-publish","4":"has-post-thumbnail","6":"product_cat-accessoires-pour-enfants","7":"product_tag-accessoire","8":"product_tag-baby","9":"product_tag-babystroller","10":"product_tag-central-park","11":"product_tag-enfants","12":"product_tag-lifestyle","13":"product_tag-pousette","15":"first","16":"instock","17":"sale","18":"taxable","19":"shipping-taxable","20":"purchasable","21":"product-type-simple"},"aioseo_notices":[],"_links":{"self":[{"href":"https:\/\/setsprops.ca\/index.php\/wp-json\/wp\/v2\/product\/1461","targetHints":{"allow":["GET"]}}],"collection":[{"href":"https:\/\/setsprops.ca\/index.php\/wp-json\/wp\/v2\/product"}],"about":[{"href":"https:\/\/setsprops.ca\/index.php\/wp-json\/wp\/v2\/types\/product"}],"wp:featuredmedia":[{"embeddable":true,"href":"https:\/\/setsprops.ca\/index.php\/wp-json\/wp\/v2\/media\/1463"}],"wp:attachment":[{"href":"https:\/\/setsprops.ca\/index.php\/wp-json\/wp\/v2\/media?parent=1461"}],"wp:term":[{"taxonomy":"product_brand","embeddable":true,"href":"https:\/\/setsprops.ca\/index.php\/wp-json\/wp\/v2\/product_brand?post=1461"},{"taxonomy":"product_cat","embeddable":true,"href":"https:\/\/setsprops.ca\/index.php\/wp-json\/wp\/v2\/product_cat?post=1461"},{"taxonomy":"product_tag","embeddable":true,"href":"https:\/\/setsprops.ca\/index.php\/wp-json\/wp\/v2\/product_tag?post=1461"}],"curies":[{"name":"wp","href":"https:\/\/api.w.org\/{rel}","templated":true}]}}