{"id":1579,"date":"2023-05-03T21:36:37","date_gmt":"2023-05-03T21:36:37","guid":{"rendered":"https:\/\/setsprops.ca\/?post_type=product&#038;p=1579"},"modified":"2023-05-04T00:45:12","modified_gmt":"2023-05-04T00:45:12","slug":"poupee-3-a-4-mois","status":"publish","type":"product","link":"https:\/\/setsprops.ca\/index.php\/product\/poupee-3-a-4-mois\/","title":{"rendered":"Poup\u00e9e  &#8211; 3 \u00e0 4 mois"},"content":{"rendered":"<p>Description \u00e0 venir<\/p>\n","protected":false},"excerpt":{"rendered":"<p>Description \u00e0 venir<\/p>\n","protected":false},"featured_media":1586,"template":"","meta":[],"product_brand":[],"product_cat":[199],"product_tag":[121,102],"class_list":{"0":"post-1579","1":"product","2":"type-product","3":"status-publish","4":"has-post-thumbnail","6":"product_cat-poupee","7":"product_tag-bebe","8":"product_tag-poupee","10":"first","11":"instock","12":"taxable","13":"shipping-taxable","14":"product-type-simple"},"aioseo_notices":[],"_links":{"self":[{"href":"https:\/\/setsprops.ca\/index.php\/wp-json\/wp\/v2\/product\/1579","targetHints":{"allow":["GET"]}}],"collection":[{"href":"https:\/\/setsprops.ca\/index.php\/wp-json\/wp\/v2\/product"}],"about":[{"href":"https:\/\/setsprops.ca\/index.php\/wp-json\/wp\/v2\/types\/product"}],"wp:featuredmedia":[{"embeddable":true,"href":"https:\/\/setsprops.ca\/index.php\/wp-json\/wp\/v2\/media\/1586"}],"wp:attachment":[{"href":"https:\/\/setsprops.ca\/index.php\/wp-json\/wp\/v2\/media?parent=1579"}],"wp:term":[{"taxonomy":"product_brand","embeddable":true,"href":"https:\/\/setsprops.ca\/index.php\/wp-json\/wp\/v2\/product_brand?post=1579"},{"taxonomy":"product_cat","embeddable":true,"href":"https:\/\/setsprops.ca\/index.php\/wp-json\/wp\/v2\/product_cat?post=1579"},{"taxonomy":"product_tag","embeddable":true,"href":"https:\/\/setsprops.ca\/index.php\/wp-json\/wp\/v2\/product_tag?post=1579"}],"curies":[{"name":"wp","href":"https:\/\/api.w.org\/{rel}","templated":true}]}}