{"id":1677,"date":"2023-05-05T18:08:11","date_gmt":"2023-05-05T18:08:11","guid":{"rendered":"https:\/\/setsprops.ca\/?post_type=product&#038;p=1677"},"modified":"2023-05-05T18:21:26","modified_gmt":"2023-05-05T18:21:26","slug":"mallette-a-combinaison-noir","status":"publish","type":"product","link":"https:\/\/setsprops.ca\/index.php\/product\/mallette-a-combinaison-noir\/","title":{"rendered":"Mallette \u00e0 combinaison Noir \u00e0 fond beige"},"content":{"rendered":"<p>Description \u00e0 venir<\/p>\n","protected":false},"excerpt":{"rendered":"<p>Description \u00e0 venir<\/p>\n","protected":false},"featured_media":1679,"template":"","meta":[],"product_brand":[],"product_cat":[453],"product_tag":[534,537,527,529,220],"class_list":{"0":"post-1677","1":"product","2":"type-product","3":"status-publish","4":"has-post-thumbnail","6":"product_cat-mallettes-daffaire","7":"product_tag-briefcase","8":"product_tag-combinaison","9":"product_tag-mallette","10":"product_tag-mallette-daffaire","11":"product_tag-noir","13":"first","14":"instock","15":"taxable","16":"shipping-taxable","17":"product-type-simple"},"aioseo_notices":[],"_links":{"self":[{"href":"https:\/\/setsprops.ca\/index.php\/wp-json\/wp\/v2\/product\/1677","targetHints":{"allow":["GET"]}}],"collection":[{"href":"https:\/\/setsprops.ca\/index.php\/wp-json\/wp\/v2\/product"}],"about":[{"href":"https:\/\/setsprops.ca\/index.php\/wp-json\/wp\/v2\/types\/product"}],"wp:featuredmedia":[{"embeddable":true,"href":"https:\/\/setsprops.ca\/index.php\/wp-json\/wp\/v2\/media\/1679"}],"wp:attachment":[{"href":"https:\/\/setsprops.ca\/index.php\/wp-json\/wp\/v2\/media?parent=1677"}],"wp:term":[{"taxonomy":"product_brand","embeddable":true,"href":"https:\/\/setsprops.ca\/index.php\/wp-json\/wp\/v2\/product_brand?post=1677"},{"taxonomy":"product_cat","embeddable":true,"href":"https:\/\/setsprops.ca\/index.php\/wp-json\/wp\/v2\/product_cat?post=1677"},{"taxonomy":"product_tag","embeddable":true,"href":"https:\/\/setsprops.ca\/index.php\/wp-json\/wp\/v2\/product_tag?post=1677"}],"curies":[{"name":"wp","href":"https:\/\/api.w.org\/{rel}","templated":true}]}}