{"id":1757,"date":"2023-05-19T14:46:28","date_gmt":"2023-05-19T14:46:28","guid":{"rendered":"https:\/\/setsprops.ca\/?post_type=product&#038;p=1757"},"modified":"2023-05-19T14:48:23","modified_gmt":"2023-05-19T14:48:23","slug":"couteau-de-chasse-armee-noir-retractable-plastique","status":"publish","type":"product","link":"https:\/\/setsprops.ca\/index.php\/product\/couteau-de-chasse-armee-noir-retractable-plastique\/","title":{"rendered":"Couteau de chasse\/arm\u00e9e noir r\u00e9tractable (Plastique)"},"content":{"rendered":"<p>Petit d\u00e9panneur bon march\u00e9. R\u00e9tractable en plastique. Acteur et \u00ab\u00a0stunt friendly\u00a0\u00bb.<\/p>\n<p>Ne survit pas longtemps pour usages r\u00e9p\u00e9t\u00e9s et de grosses actions mais parfait pour quelques sc\u00e8nes \u00ab\u00a0soft\u00a0\u00bb.<\/p>\n","protected":false},"excerpt":{"rendered":"<p>Petit d\u00e9panneur bon march\u00e9. R\u00e9tractable en plastique. Acteur et \u00ab\u00a0stunt friendly\u00a0\u00bb. Ne survit pas longtemps pour usages r\u00e9p\u00e9t\u00e9s et de grosses actions mais parfait pour quelques sc\u00e8nes \u00ab\u00a0soft\u00a0\u00bb.<\/p>\n","protected":false},"featured_media":1758,"template":"","meta":[],"product_brand":[],"product_cat":[551],"product_tag":[554,556,436,552,553,555],"class_list":{"0":"post-1757","1":"product","2":"type-product","3":"status-publish","4":"has-post-thumbnail","6":"product_cat-retractables","7":"product_tag-couteau-chasse-fx","8":"product_tag-couteau-retractable-fx","9":"product_tag-plastique","10":"product_tag-retractable","11":"product_tag-retractable-knife","12":"product_tag-retractable-sfx-knife","14":"first","15":"instock","16":"sale","17":"taxable","18":"shipping-taxable","19":"purchasable","20":"product-type-simple"},"aioseo_notices":[],"_links":{"self":[{"href":"https:\/\/setsprops.ca\/index.php\/wp-json\/wp\/v2\/product\/1757","targetHints":{"allow":["GET"]}}],"collection":[{"href":"https:\/\/setsprops.ca\/index.php\/wp-json\/wp\/v2\/product"}],"about":[{"href":"https:\/\/setsprops.ca\/index.php\/wp-json\/wp\/v2\/types\/product"}],"wp:featuredmedia":[{"embeddable":true,"href":"https:\/\/setsprops.ca\/index.php\/wp-json\/wp\/v2\/media\/1758"}],"wp:attachment":[{"href":"https:\/\/setsprops.ca\/index.php\/wp-json\/wp\/v2\/media?parent=1757"}],"wp:term":[{"taxonomy":"product_brand","embeddable":true,"href":"https:\/\/setsprops.ca\/index.php\/wp-json\/wp\/v2\/product_brand?post=1757"},{"taxonomy":"product_cat","embeddable":true,"href":"https:\/\/setsprops.ca\/index.php\/wp-json\/wp\/v2\/product_cat?post=1757"},{"taxonomy":"product_tag","embeddable":true,"href":"https:\/\/setsprops.ca\/index.php\/wp-json\/wp\/v2\/product_tag?post=1757"}],"curies":[{"name":"wp","href":"https:\/\/api.w.org\/{rel}","templated":true}]}}