{"id":1759,"date":"2023-05-19T15:24:10","date_gmt":"2023-05-19T15:24:10","guid":{"rendered":"https:\/\/setsprops.ca\/?post_type=product&#038;p=1759"},"modified":"2023-05-19T15:24:10","modified_gmt":"2023-05-19T15:24:10","slug":"tournevis-retractable-avec-toutes-ses-options","status":"publish","type":"product","link":"https:\/\/setsprops.ca\/index.php\/product\/tournevis-retractable-avec-toutes-ses-options\/","title":{"rendered":"Tournevis r\u00e9tractable avec toutes ses options"},"content":{"rendered":"<p>Super beau kit complet. Comprends:<\/p>\n<p>1 tournevis h\u00e9ros neuf<\/p>\n<p>1 tournevis h\u00e9ros patin\u00e9<\/p>\n<p>1 tournevis machin\u00e9 avec plastron<\/p>\n<p>2 manches et 1 tige lousse pour violence extr\u00eame 100% s\u00e9curitaire<\/p>\n<p>1 tournevis coup\u00e9 additionnel et bien s\u00fbr&#8230;<\/p>\n<p>1 tournevis r\u00e9tractable !<\/p>\n","protected":false},"excerpt":{"rendered":"<p>Super beau kit complet. Comprends: 1 tournevis h\u00e9ros neuf 1 tournevis h\u00e9ros patin\u00e9 1 tournevis machin\u00e9 avec plastron 2 manches et 1 tige lousse pour violence extr\u00eame 100% s\u00e9curitaire 1 [&hellip;]<\/p>\n","protected":false},"featured_media":1761,"template":"","meta":[],"product_brand":[],"product_cat":[551],"product_tag":[561,563,552,564,560,559,562,557,558],"class_list":{"0":"post-1759","1":"product","2":"type-product","3":"status-publish","4":"has-post-thumbnail","6":"product_cat-retractables","7":"product_tag-actor-friendly","8":"product_tag-effets-speciaux","9":"product_tag-retractable","10":"product_tag-sfx-props","11":"product_tag-stunt-friendly","12":"product_tag-stunt-weapons","13":"product_tag-tournevis-cinema-fx","14":"product_tag-tournevis-retractable","15":"product_tag-tournevis-sfx","17":"first","18":"instock","19":"sale","20":"taxable","21":"shipping-taxable","22":"purchasable","23":"product-type-simple"},"aioseo_notices":[],"_links":{"self":[{"href":"https:\/\/setsprops.ca\/index.php\/wp-json\/wp\/v2\/product\/1759","targetHints":{"allow":["GET"]}}],"collection":[{"href":"https:\/\/setsprops.ca\/index.php\/wp-json\/wp\/v2\/product"}],"about":[{"href":"https:\/\/setsprops.ca\/index.php\/wp-json\/wp\/v2\/types\/product"}],"wp:featuredmedia":[{"embeddable":true,"href":"https:\/\/setsprops.ca\/index.php\/wp-json\/wp\/v2\/media\/1761"}],"wp:attachment":[{"href":"https:\/\/setsprops.ca\/index.php\/wp-json\/wp\/v2\/media?parent=1759"}],"wp:term":[{"taxonomy":"product_brand","embeddable":true,"href":"https:\/\/setsprops.ca\/index.php\/wp-json\/wp\/v2\/product_brand?post=1759"},{"taxonomy":"product_cat","embeddable":true,"href":"https:\/\/setsprops.ca\/index.php\/wp-json\/wp\/v2\/product_cat?post=1759"},{"taxonomy":"product_tag","embeddable":true,"href":"https:\/\/setsprops.ca\/index.php\/wp-json\/wp\/v2\/product_tag?post=1759"}],"curies":[{"name":"wp","href":"https:\/\/api.w.org\/{rel}","templated":true}]}}