{"id":1762,"date":"2023-05-19T15:36:12","date_gmt":"2023-05-19T15:36:12","guid":{"rendered":"https:\/\/setsprops.ca\/?post_type=product&#038;p=1762"},"modified":"2023-05-19T15:36:12","modified_gmt":"2023-05-19T15:36:12","slug":"explosifs-dynamite-c4-detonateurs","status":"publish","type":"product","link":"https:\/\/setsprops.ca\/index.php\/product\/explosifs-dynamite-c4-detonateurs\/","title":{"rendered":"Explosifs &#8211; dynamite \/ C4 \/ d\u00e9tonateurs"},"content":{"rendered":"<p>Grande quantit\u00e9 d&rsquo;explosifs cr\u00e9er par de vrais dynamiteurs\/boute-feu!<\/p>\n<p>&nbsp;<\/p>\n<p>Nos explosifs sont de parfaites r\u00e9pliques de la vraie vie et toutes les actions \/ manipulations peuvent \u00eatre faites on cam. Les d\u00e9tonateurs peuvent s&rsquo;ins\u00e9rer dans les b\u00e2tons de dynamite, dans les blocs de C4, et nos syst\u00e8mes de tirs sont fonctionnels.<br \/>\nLes quantit\u00e9s sont grandes et nous pouvons en cr\u00e9er encore plus en peu de temps sur demande, pour vos plus grosses installations \/ d\u00e9cors.<\/p>\n<p>Voir l&rsquo;onglet syst\u00e8me de tirs.<\/p>\n","protected":false},"excerpt":{"rendered":"<p>Grande quantit\u00e9 d&rsquo;explosifs cr\u00e9er par de vrais dynamiteurs\/boute-feu! &nbsp; Nos explosifs sont de parfaites r\u00e9pliques de la vraie vie et toutes les actions \/ manipulations peuvent \u00eatre faites on cam. [&hellip;]<\/p>\n","protected":false},"featured_media":1763,"template":"","meta":[],"product_brand":[],"product_cat":[365],"product_tag":[],"class_list":{"0":"post-1762","1":"product","2":"type-product","3":"status-publish","4":"has-post-thumbnail","6":"product_cat-explosifs","8":"first","9":"instock","10":"taxable","11":"shipping-taxable","12":"product-type-simple"},"aioseo_notices":[],"_links":{"self":[{"href":"https:\/\/setsprops.ca\/index.php\/wp-json\/wp\/v2\/product\/1762","targetHints":{"allow":["GET"]}}],"collection":[{"href":"https:\/\/setsprops.ca\/index.php\/wp-json\/wp\/v2\/product"}],"about":[{"href":"https:\/\/setsprops.ca\/index.php\/wp-json\/wp\/v2\/types\/product"}],"wp:featuredmedia":[{"embeddable":true,"href":"https:\/\/setsprops.ca\/index.php\/wp-json\/wp\/v2\/media\/1763"}],"wp:attachment":[{"href":"https:\/\/setsprops.ca\/index.php\/wp-json\/wp\/v2\/media?parent=1762"}],"wp:term":[{"taxonomy":"product_brand","embeddable":true,"href":"https:\/\/setsprops.ca\/index.php\/wp-json\/wp\/v2\/product_brand?post=1762"},{"taxonomy":"product_cat","embeddable":true,"href":"https:\/\/setsprops.ca\/index.php\/wp-json\/wp\/v2\/product_cat?post=1762"},{"taxonomy":"product_tag","embeddable":true,"href":"https:\/\/setsprops.ca\/index.php\/wp-json\/wp\/v2\/product_tag?post=1762"}],"curies":[{"name":"wp","href":"https:\/\/api.w.org\/{rel}","templated":true}]}}