{"id":1928,"date":"2023-07-04T15:05:12","date_gmt":"2023-07-04T15:05:12","guid":{"rendered":"https:\/\/setsprops.ca\/?post_type=product&#038;p=1928"},"modified":"2023-07-04T15:05:13","modified_gmt":"2023-07-04T15:05:13","slug":"app007-objectif-a-deux-cote-avec-sac-noir","status":"publish","type":"product","link":"https:\/\/setsprops.ca\/index.php\/product\/app007-objectif-a-deux-cote-avec-sac-noir\/","title":{"rendered":"App007- objectif \u00e0 deux c\u00f4t\u00e9 avec sac noir"},"content":{"rendered":"","protected":false},"excerpt":{"rendered":"","protected":false},"featured_media":1931,"template":"","meta":[],"product_brand":[],"product_cat":[345],"product_tag":[620,632,634,635],"class_list":{"0":"post-1928","1":"product","2":"type-product","3":"status-publish","4":"has-post-thumbnail","6":"product_cat-appareil-photo","7":"product_tag-appareil-photo","8":"product_tag-objectif","9":"product_tag-objectif-a-deux-cote","10":"product_tag-objectif-avec-sac","12":"first","13":"instock","14":"taxable","15":"shipping-taxable","16":"product-type-simple"},"aioseo_notices":[],"_links":{"self":[{"href":"https:\/\/setsprops.ca\/index.php\/wp-json\/wp\/v2\/product\/1928","targetHints":{"allow":["GET"]}}],"collection":[{"href":"https:\/\/setsprops.ca\/index.php\/wp-json\/wp\/v2\/product"}],"about":[{"href":"https:\/\/setsprops.ca\/index.php\/wp-json\/wp\/v2\/types\/product"}],"wp:featuredmedia":[{"embeddable":true,"href":"https:\/\/setsprops.ca\/index.php\/wp-json\/wp\/v2\/media\/1931"}],"wp:attachment":[{"href":"https:\/\/setsprops.ca\/index.php\/wp-json\/wp\/v2\/media?parent=1928"}],"wp:term":[{"taxonomy":"product_brand","embeddable":true,"href":"https:\/\/setsprops.ca\/index.php\/wp-json\/wp\/v2\/product_brand?post=1928"},{"taxonomy":"product_cat","embeddable":true,"href":"https:\/\/setsprops.ca\/index.php\/wp-json\/wp\/v2\/product_cat?post=1928"},{"taxonomy":"product_tag","embeddable":true,"href":"https:\/\/setsprops.ca\/index.php\/wp-json\/wp\/v2\/product_tag?post=1928"}],"curies":[{"name":"wp","href":"https:\/\/api.w.org\/{rel}","templated":true}]}}