{"id":1940,"date":"2023-07-04T15:16:04","date_gmt":"2023-07-04T15:16:04","guid":{"rendered":"https:\/\/setsprops.ca\/?post_type=product&#038;p=1940"},"modified":"2023-07-04T15:16:04","modified_gmt":"2023-07-04T15:16:04","slug":"app010-objectif-a-deux-cote-avec-boitier-noir","status":"publish","type":"product","link":"https:\/\/setsprops.ca\/index.php\/product\/app010-objectif-a-deux-cote-avec-boitier-noir\/","title":{"rendered":"App010- objectif \u00e0 deux c\u00f4t\u00e9 avec bo\u00eetier noir"},"content":{"rendered":"","protected":false},"excerpt":{"rendered":"","protected":false},"featured_media":1943,"template":"","meta":[],"product_brand":[],"product_cat":[345],"product_tag":[620,632,634,633],"class_list":{"0":"post-1940","1":"product","2":"type-product","3":"status-publish","4":"has-post-thumbnail","6":"product_cat-appareil-photo","7":"product_tag-appareil-photo","8":"product_tag-objectif","9":"product_tag-objectif-a-deux-cote","10":"product_tag-objectif-avec-boitier","12":"first","13":"instock","14":"taxable","15":"shipping-taxable","16":"product-type-simple"},"aioseo_notices":[],"_links":{"self":[{"href":"https:\/\/setsprops.ca\/index.php\/wp-json\/wp\/v2\/product\/1940","targetHints":{"allow":["GET"]}}],"collection":[{"href":"https:\/\/setsprops.ca\/index.php\/wp-json\/wp\/v2\/product"}],"about":[{"href":"https:\/\/setsprops.ca\/index.php\/wp-json\/wp\/v2\/types\/product"}],"wp:featuredmedia":[{"embeddable":true,"href":"https:\/\/setsprops.ca\/index.php\/wp-json\/wp\/v2\/media\/1943"}],"wp:attachment":[{"href":"https:\/\/setsprops.ca\/index.php\/wp-json\/wp\/v2\/media?parent=1940"}],"wp:term":[{"taxonomy":"product_brand","embeddable":true,"href":"https:\/\/setsprops.ca\/index.php\/wp-json\/wp\/v2\/product_brand?post=1940"},{"taxonomy":"product_cat","embeddable":true,"href":"https:\/\/setsprops.ca\/index.php\/wp-json\/wp\/v2\/product_cat?post=1940"},{"taxonomy":"product_tag","embeddable":true,"href":"https:\/\/setsprops.ca\/index.php\/wp-json\/wp\/v2\/product_tag?post=1940"}],"curies":[{"name":"wp","href":"https:\/\/api.w.org\/{rel}","templated":true}]}}