{"id":566,"date":"2023-03-15T13:27:42","date_gmt":"2023-03-15T13:27:42","guid":{"rendered":"https:\/\/setsprops.ca\/?post_type=product&#038;p=566"},"modified":"2023-03-24T18:30:30","modified_gmt":"2023-03-24T18:30:30","slug":"boite-a-evidence-fusil","status":"publish","type":"product","link":"https:\/\/setsprops.ca\/index.php\/product\/boite-a-evidence-fusil\/","title":{"rendered":"Bo\u00eete \u00e0 \u00e9vidence &#8211; Fusil"},"content":{"rendered":"","protected":false},"excerpt":{"rendered":"","protected":false},"featured_media":553,"template":"","meta":[],"product_brand":[],"product_cat":[227,222],"product_tag":[229,232,228],"class_list":{"0":"post-566","1":"product","2":"type-product","3":"status-publish","4":"has-post-thumbnail","6":"product_cat-evidence","7":"product_cat-police","8":"product_tag-evidence","9":"product_tag-fusil","10":"product_tag-police","12":"first","13":"instock","14":"taxable","15":"shipping-taxable","16":"purchasable","17":"product-type-simple"},"aioseo_notices":[],"_links":{"self":[{"href":"https:\/\/setsprops.ca\/index.php\/wp-json\/wp\/v2\/product\/566","targetHints":{"allow":["GET"]}}],"collection":[{"href":"https:\/\/setsprops.ca\/index.php\/wp-json\/wp\/v2\/product"}],"about":[{"href":"https:\/\/setsprops.ca\/index.php\/wp-json\/wp\/v2\/types\/product"}],"wp:featuredmedia":[{"embeddable":true,"href":"https:\/\/setsprops.ca\/index.php\/wp-json\/wp\/v2\/media\/553"}],"wp:attachment":[{"href":"https:\/\/setsprops.ca\/index.php\/wp-json\/wp\/v2\/media?parent=566"}],"wp:term":[{"taxonomy":"product_brand","embeddable":true,"href":"https:\/\/setsprops.ca\/index.php\/wp-json\/wp\/v2\/product_brand?post=566"},{"taxonomy":"product_cat","embeddable":true,"href":"https:\/\/setsprops.ca\/index.php\/wp-json\/wp\/v2\/product_cat?post=566"},{"taxonomy":"product_tag","embeddable":true,"href":"https:\/\/setsprops.ca\/index.php\/wp-json\/wp\/v2\/product_tag?post=566"}],"curies":[{"name":"wp","href":"https:\/\/api.w.org\/{rel}","templated":true}]}}